{"id":1204,"date":"2021-03-21T16:09:34","date_gmt":"2021-03-21T16:09:34","guid":{"rendered":"http:\/\/localhost:8888\/?page_id=1204"},"modified":"2022-11-24T22:05:29","modified_gmt":"2022-11-24T22:05:29","slug":"aaspire","status":"publish","type":"page","link":"https:\/\/www.aapharma.ca\/fr\/our-product\/aaspire\/","title":{"rendered":"Aaspire"},"content":{"rendered":"<div data-elementor-type=\"wp-page\" data-elementor-id=\"1204\" class=\"elementor elementor-1204\" data-elementor-post-type=\"page\">\n\t\t\t\t\t\t<div class=\"elementor-inner\">\n\t\t\t\t<div class=\"elementor-section-wrap\">\n\t\t\t\t\t\t\t\t\t<section class=\"elementor-section elementor-top-section elementor-element elementor-element-835b356 elementor-section-boxed elementor-section-height-default elementor-section-height-default\" data-id=\"835b356\" data-element_type=\"section\" data-settings=\"{&quot;background_background&quot;:&quot;classic&quot;}\">\n\t\t\t\t\t\t<div class=\"elementor-container elementor-column-gap-default\">\n\t\t\t\t\t\t\t<div class=\"elementor-row\">\n\t\t\t\t\t<div class=\"elementor-column elementor-col-100 elementor-top-column elementor-element elementor-element-f8875eb\" data-id=\"f8875eb\" data-element_type=\"column\">\n\t\t\t<div class=\"elementor-column-wrap elementor-element-populated\">\n\t\t\t\t\t\t\t<div class=\"elementor-widget-wrap\">\n\t\t\t\t\t\t<div class=\"elementor-element elementor-element-c7a998a elementor-widget elementor-widget-breadcrumbs\" data-id=\"c7a998a\" data-element_type=\"widget\" data-widget_type=\"breadcrumbs.default\">\n\t\t\t\t<div class=\"elementor-widget-container\">\n\t\t\t<p id=\"breadcrumbs\"><span><span><a href=\"https:\/\/www.aapharma.ca\/fr\/\">Accueil<\/a><\/span><\/span><\/p>\t\t<\/div>\n\t\t\t\t<\/div>\n\t\t\t\t<div class=\"elementor-element elementor-element-4fb93c8 elementor-widget elementor-widget-image\" data-id=\"4fb93c8\" data-element_type=\"widget\" data-widget_type=\"image.default\">\n\t\t\t\t<div class=\"elementor-widget-container\">\n\t\t\t\t\t\t\t\t<div class=\"elementor-image\">\n\t\t\t\t\t\t\t\t\t\t\t\t\t<a href=\"http:\/\/www.aaspire.ca\">\n\t\t\t\t\t\t\t<img loading=\"lazy\" decoding=\"async\" width=\"194\" height=\"149\" src=\"https:\/\/www.aapharma.ca\/wp-content\/uploads\/2021\/04\/AAspire_en.png\" class=\"attachment-large size-large wp-image-1706\" alt=\"\" srcset=\"https:\/\/www.aapharma.ca\/wp-content\/uploads\/2021\/04\/AAspire_en.png 194w, https:\/\/www.aapharma.ca\/wp-content\/uploads\/2021\/04\/AAspire_en-16x12.png 16w\" sizes=\"auto, (max-width: 194px) 100vw, 194px\" \/>\t\t\t\t\t\t\t\t<\/a>\n\t\t\t\t\t\t\t\t\t\t\t\t\t\t<\/div>\n\t\t\t\t\t\t<\/div>\n\t\t\t\t<\/div>\n\t\t\t\t<div class=\"elementor-element elementor-element-5ce4d8a elementor-widget elementor-widget-text-editor\" data-id=\"5ce4d8a\" data-element_type=\"widget\" data-widget_type=\"text-editor.default\">\n\t\t\t\t<div class=\"elementor-widget-container\">\n\t\t\t\t\t\t\t\t<div class=\"elementor-text-editor elementor-clearfix\">\n\t\t\t\t<p class=\"p2\">Le R\u00e9seau AASPIRER de soins aux patients est un programme de surveillance complet con\u00e7u pour vous soutenir vous et vos patients.<\/p><p class=\" translation-block\"><strong>Le R\u00e9seau AASPIRER de soins aux patients :<\/strong><br>\u2022 est accessible sur tout appareil mobile, vous permettant d\u2019effectuer diff\u00e9rentes requ\u00eates sans vous ralentir<br>\u2022 est capable d\u2019effectuer des requ\u00eates en ligne pour des dispositions ou interruptions ou pour rapporter des effets ind\u00e9sirables ou des plaintes relatives \u00e0 la qualit\u00e9<br>\u2022 maintient un aper\u00e7u complet des profils th\u00e9rapeutiques des patients\n<br>\u2022 con\u00e7u pour vous donner acc\u00e8s aux renseignements les plus importants \u00e0 votre port\u00e9e, sur la page d\u2019accueil et plus!<\/p><h2>S\u2019INSCRIRE EST FACILE (NOUVELLES INSCRIPTIONS)<\/h2><p class=\" translation-block\">1. Visitez\u00a0<a href=\"www.aaspire.ca\/fr-ca\" target=\"_blank\" rel=\"noopener\">www.aaspire.ca\/fr-ca<\/a><br>2. Cliquez sur le bouton \u00ab Inscrire \u00bb\n<br>3. Remplissez les champs obligatoires (courriel, non d\u2019utilisateur, mot de passe) et soumettre<br>4. Souvenez-vous de votre nom d\u2019utilisateur et de votre mot de passe pour plus tard<br>5. Un sp\u00e9cialiste du r\u00e9seau de soins aux patients trait\u00e9s par AA-Clozapine AASPIRER passera en revue votre candidature avant de l\u2019activer<br>6. Vous recevrez une notification par courriel une fois que vous \u00eates inscrit et pourrez acc\u00e9der aux outils et aux ressources.<\/p><h2>ACTIVER EST FACILE (UTILISATEURS EXISTANTS)<\/h2><p class=\" translation-block\">1. Visitez\u00a0<a href=\"http:\/\/www.aaspire.ca\/fr-ca\" target=\"_self\">www.aaspire.ca\/fr-ca<\/a><br>2.\u00a0Si vous recevez des communications de notre \u00e9quipe AASPIRER, assurez-vous de suivre les \u00e9tapes indiqu\u00e9es.<br>3. i vous \u00e9prouvez des difficult\u00e9s, veuillez communiquer avec l\u2019\u00e9quipe ASSPIRER au 1-877-276-2569 ou par courriel au :<a href=\"mailto:aaspire@aapharma.ca\" target=\"_self\"><span class=\"s1\">aaspire@aapharma.ca<\/span><\/a><\/p><h2>COMMENT EST-CE QUE JE PEUX CONSULTER ET APPRENDRE COMMENT UTILISER LE R\u00c9SEAU AASPIRER POUR LES PATIENTS?<\/h2><ol><li>Des s\u00e9ances gratuites de formation en ligne continueront d\u2019\u00eatre offertes du 15 mars au 12 avril 2018. Nous vous recommandons fortement de participer \u00e0 l\u2019une de ces s\u00e9ances ou de consulter le mat\u00e9riel \u00e9ducatif que nous avons cr\u00e9\u00e9 \u00e0 votre intention. Vous pouvez communiquer avec l\u2019\u00e9quipe AASPIRER de diff\u00e9rentes fa\u00e7ons. Les membres de l\u2019\u00e9quipe se feront un plaisir de vous offrir de plus amples renseignements concernant les dates, les heures et le nombre de places disponibles pour chacune de ces s\u00e9ances.<ol><li class=\" translation-block\">\u00c9crivez \u00e0\u00a0<a href=\"mailto:aaspire@aapharma.ca\" target=\"_self\">aaspire@aapharma.ca<\/a>\u00a0, ou<\/li><li>composez le 1.877.276.2569, ou<\/li><li>consultez votre sp\u00e9cialiste-conseil AA-Clozapine.<strong>\u00a0<\/strong><\/li><\/ol><\/li><li class=\" translation-block\">Une d\u00e9monstration interactive a \u00e9t\u00e9 cr\u00e9\u00e9e pour tous ceux qui souhaitent apprendre \u00e0 leur propre rythme. Il suffit de cliquer sur le bouton \u00ab D\u00e9monstration \u00bb en haut de la page d\u2019ouverture de session - Veuillez consulter le guide ci-dessous :<\/li><li>Pour obtenir un exemplaire du manuel d\u2019utilisation du site Web AASPIRER, du guide de d\u00e9marrage rapide 1-2-3 ou une invitation au webinaire de formation, veuillez communiquer avec votre consultant sp\u00e9cialiste AA-Clozapine.<\/li><li>Le R\u00e9seau AASPIRER de soins aux patients comprend de\u00a0<strong>nombreuses ressources<\/strong>\u00a0pour vous permettre de vous familiariser avec le m\u00e9dicament, imm\u00e9diatement! Trouver l\u2019onglet \u00ab Ressources \u00bb et faites d\u00e9filer pour acc\u00e9der \u00e0 :<ol><li style=\"list-style-type: none;\"><ul><li><strong>Un manuel d\u2019utilisation d\u00e9taill\u00e9 facile \u00e0 suivre<\/strong><\/li><li><strong>Un guide de d\u00e9marrage rapide 1-2-3<\/strong><\/li><li><strong>Du mat\u00e9riel \u00e9ducatif sur AA-Clozapine<\/strong><\/li><li><strong>Des formulaires et plus!<\/strong><\/li><\/ul><\/li><\/ol><\/li><\/ol>\t\t\t\t\t<\/div>\n\t\t\t\t\t\t<\/div>\n\t\t\t\t<\/div>\n\t\t\t\t<div class=\"elementor-element elementor-element-8483dee elementor-widget elementor-widget-image\" data-id=\"8483dee\" data-element_type=\"widget\" data-settings=\"{&quot;motion_fx_motion_fx_scrolling&quot;:&quot;yes&quot;,&quot;motion_fx_opacity_effect&quot;:&quot;yes&quot;,&quot;motion_fx_opacity_level&quot;:{&quot;unit&quot;:&quot;px&quot;,&quot;size&quot;:1,&quot;sizes&quot;:[]},&quot;motion_fx_opacity_range&quot;:{&quot;unit&quot;:&quot;%&quot;,&quot;size&quot;:&quot;&quot;,&quot;sizes&quot;:{&quot;start&quot;:20,&quot;end&quot;:100}},&quot;motion_fx_opacity_direction&quot;:&quot;out-in&quot;,&quot;motion_fx_devices&quot;:[&quot;desktop&quot;,&quot;tablet&quot;,&quot;mobile&quot;]}\" data-widget_type=\"image.default\">\n\t\t\t\t<div class=\"elementor-widget-container\">\n\t\t\t\t\t\t\t\t<div class=\"elementor-image\">\n\t\t\t\t\t\t\t\t\t\t\t\t<img loading=\"lazy\" decoding=\"async\" width=\"800\" height=\"394\" src=\"https:\/\/www.aapharma.ca\/wp-content\/uploads\/2022\/11\/AA-Clozapine-Portal_demo_FR.png\" class=\"attachment-large size-large wp-image-1206\" alt=\"\" srcset=\"https:\/\/www.aapharma.ca\/wp-content\/uploads\/2022\/11\/AA-Clozapine-Portal_demo_FR.png 800w, https:\/\/www.aapharma.ca\/wp-content\/uploads\/2022\/11\/AA-Clozapine-Portal_demo_FR-300x150.png 300w, https:\/\/www.aapharma.ca\/wp-content\/uploads\/2022\/11\/AA-Clozapine-Portal_demo_FR-768x384.png 768w, https:\/\/www.aapharma.ca\/wp-content\/uploads\/2022\/11\/AA-Clozapine-Portal_demo_FR-18x9.png 18w\" sizes=\"auto, (max-width: 800px) 100vw, 800px\" \/>\t\t\t\t\t\t\t\t\t\t\t\t\t\t<\/div>\n\t\t\t\t\t\t<\/div>\n\t\t\t\t<\/div>\n\t\t\t\t<div class=\"elementor-element elementor-element-46f0f09 elementor-widget elementor-widget-text-editor\" data-id=\"46f0f09\" data-element_type=\"widget\" data-widget_type=\"text-editor.default\">\n\t\t\t\t<div class=\"elementor-widget-container\">\n\t\t\t\t\t\t\t\t<div class=\"elementor-text-editor elementor-clearfix\">\n\t\t\t\t<p class=\" translation-block\"><strong>*<\/strong>Veuillez noter qu\u2019une fois que le syst\u00e8me sera lanc\u00e9 au printemps 2018, l\u2019ancien site Web ne sera plus disponible. L\u2019acc\u00e8s aux renseignements des patients ne pourra se faire que par l\u2019interm\u00e9diaire du nouveau site Web : \u00a0<a href=\"http:\/\/www.aaspire.ca\/fr-ca\" target=\"_self\">www.aaspire.ca\/fr-ca<\/a><\/p><p>Meilleurs sentiments,<\/p><p><strong>L\u2019\u00e9quipe AASPIRER\u00a0<\/strong><\/p>\t\t\t\t\t<\/div>\n\t\t\t\t\t\t<\/div>\n\t\t\t\t<\/div>\n\t\t\t\t\t\t<\/div>\n\t\t\t\t\t<\/div>\n\t\t<\/div>\n\t\t\t\t\t\t\t\t<\/div>\n\t\t\t\t\t<\/div>\n\t\t<\/section>\n\t\t\t\t\t\t\t\t\t<\/div>\n\t\t\t<\/div>\n\t\t\t\t\t<\/div>","protected":false},"excerpt":{"rendered":"<p>The AASPIRE Patient Care Network is a comprehensive monitoring program designed with you and your patients in mind. The AASPIRE Patient Care Network is:\u2022 Mobile friendly from any device, enabling you to perform various requests, eliminating slowdown in the process\u2022 Capable of performing online requests for dispositions\/interruptions, or reporting of adverse events and quality complaints\u2022 &#8230; <a title=\"Aaspire\" class=\"read-more\" href=\"https:\/\/www.aapharma.ca\/fr\/our-product\/aaspire\/\" aria-label=\"En savoir plus sur Aaspire\">Continuer la lecture<\/a><\/p>","protected":false},"author":1,"featured_media":0,"parent":39,"menu_order":0,"comment_status":"closed","ping_status":"closed","template":"","meta":{"footnotes":""},"class_list":["post-1204","page","type-page","status-publish"],"yoast_head":"<!-- This site is optimized with the Yoast SEO plugin v23.3 - https:\/\/yoast.com\/wordpress\/plugins\/seo\/ -->\n<title>Aaspire - AA Pharma<\/title>\n<meta name=\"robots\" content=\"index, follow, max-snippet:-1, max-image-preview:large, max-video-preview:-1\" \/>\n<link rel=\"canonical\" href=\"https:\/\/www.aapharma.ca\/fr\/our-product\/aaspire\/\" \/>\n<meta property=\"og:locale\" content=\"fr_CA\" \/>\n<meta property=\"og:type\" content=\"article\" \/>\n<meta property=\"og:title\" content=\"Aaspire - AA Pharma\" \/>\n<meta property=\"og:description\" content=\"The AASPIRE Patient Care Network is a comprehensive monitoring program designed with you and your patients in mind. The AASPIRE Patient Care Network is:\u2022 Mobile friendly from any device, enabling you to perform various requests, eliminating slowdown in the process\u2022 Capable of performing online requests for dispositions\/interruptions, or reporting of adverse events and quality complaints\u2022 ... Continuer la lecture\" \/>\n<meta property=\"og:url\" content=\"https:\/\/www.aapharma.ca\/fr\/our-product\/aaspire\/\" \/>\n<meta property=\"og:site_name\" content=\"AA Pharma\" \/>\n<meta property=\"article:modified_time\" content=\"2022-11-24T22:05:29+00:00\" \/>\n<meta property=\"og:image\" content=\"https:\/\/www.aapharma.ca\/wp-content\/uploads\/2021\/04\/AAspire_en.png\" \/>\n<meta name=\"twitter:card\" content=\"summary_large_image\" \/>\n<meta name=\"twitter:label1\" content=\"Estimation du temps de lecture\" \/>\n\t<meta name=\"twitter:data1\" content=\"3 minutes\" \/>\n<script type=\"application\/ld+json\" class=\"yoast-schema-graph\">{\"@context\":\"https:\/\/schema.org\",\"@graph\":[{\"@type\":\"WebPage\",\"@id\":\"https:\/\/www.aapharma.ca\/en\/our-product\/aaspire\/\",\"url\":\"https:\/\/www.aapharma.ca\/en\/our-product\/aaspire\/\",\"name\":\"Aaspire - AA Pharma\",\"isPartOf\":{\"@id\":\"https:\/\/www.aapharma.ca\/en\/#website\"},\"primaryImageOfPage\":{\"@id\":\"https:\/\/www.aapharma.ca\/en\/our-product\/aaspire\/#primaryimage\"},\"image\":{\"@id\":\"https:\/\/www.aapharma.ca\/en\/our-product\/aaspire\/#primaryimage\"},\"thumbnailUrl\":\"https:\/\/www.aapharma.ca\/wp-content\/uploads\/2021\/04\/AAspire_en.png\",\"datePublished\":\"2021-03-21T16:09:34+00:00\",\"dateModified\":\"2022-11-24T22:05:29+00:00\",\"breadcrumb\":{\"@id\":\"https:\/\/www.aapharma.ca\/en\/our-product\/aaspire\/#breadcrumb\"},\"inLanguage\":\"fr-CA\",\"potentialAction\":[{\"@type\":\"ReadAction\",\"target\":[\"https:\/\/www.aapharma.ca\/en\/our-product\/aaspire\/\"]}]},{\"@type\":\"ImageObject\",\"inLanguage\":\"fr-CA\",\"@id\":\"https:\/\/www.aapharma.ca\/en\/our-product\/aaspire\/#primaryimage\",\"url\":\"https:\/\/www.aapharma.ca\/wp-content\/uploads\/2021\/04\/AAspire_en.png\",\"contentUrl\":\"https:\/\/www.aapharma.ca\/wp-content\/uploads\/2021\/04\/AAspire_en.png\"},{\"@type\":\"BreadcrumbList\",\"@id\":\"https:\/\/www.aapharma.ca\/en\/our-product\/aaspire\/#breadcrumb\",\"itemListElement\":[{\"@type\":\"ListItem\",\"position\":1,\"name\":\"Home\",\"item\":\"https:\/\/www.aapharma.ca\/\"},{\"@type\":\"ListItem\",\"position\":2,\"name\":\"Our Products\",\"item\":\"https:\/\/www.aapharma.ca\/our-product\/\"},{\"@type\":\"ListItem\",\"position\":3,\"name\":\"Aaspire\"}]},{\"@type\":\"WebSite\",\"@id\":\"https:\/\/www.aapharma.ca\/en\/#website\",\"url\":\"https:\/\/www.aapharma.ca\/en\/\",\"name\":\"AA Pharma\",\"description\":\"A little different than the rest\",\"publisher\":{\"@id\":\"https:\/\/www.aapharma.ca\/en\/#organization\"},\"potentialAction\":[{\"@type\":\"SearchAction\",\"target\":{\"@type\":\"EntryPoint\",\"urlTemplate\":\"https:\/\/www.aapharma.ca\/en\/?s={search_term_string}\"},\"query-input\":\"required name=search_term_string\"}],\"inLanguage\":\"fr-CA\"},{\"@type\":\"Organization\",\"@id\":\"https:\/\/www.aapharma.ca\/en\/#organization\",\"name\":\"AA Pharma\",\"url\":\"https:\/\/www.aapharma.ca\/en\/\",\"logo\":{\"@type\":\"ImageObject\",\"inLanguage\":\"fr-CA\",\"@id\":\"https:\/\/www.aapharma.ca\/en\/#\/schema\/logo\/image\/\",\"url\":\"https:\/\/www.aapharma.ca\/wp-content\/uploads\/2021\/01\/Logo-1.png\",\"contentUrl\":\"https:\/\/www.aapharma.ca\/wp-content\/uploads\/2021\/01\/Logo-1.png\",\"width\":268,\"height\":100,\"caption\":\"AA Pharma\"},\"image\":{\"@id\":\"https:\/\/www.aapharma.ca\/en\/#\/schema\/logo\/image\/\"}}]}<\/script>\n<!-- \/ Yoast SEO plugin. -->","yoast_head_json":{"title":"Aaspire - AA Pharma","robots":{"index":"index","follow":"follow","max-snippet":"max-snippet:-1","max-image-preview":"max-image-preview:large","max-video-preview":"max-video-preview:-1"},"canonical":"https:\/\/www.aapharma.ca\/fr\/our-product\/aaspire\/","og_locale":"fr_CA","og_type":"article","og_title":"Aaspire - AA Pharma","og_description":"The AASPIRE Patient Care Network is a comprehensive monitoring program designed with you and your patients in mind. The AASPIRE Patient Care Network is:\u2022 Mobile friendly from any device, enabling you to perform various requests, eliminating slowdown in the process\u2022 Capable of performing online requests for dispositions\/interruptions, or reporting of adverse events and quality complaints\u2022 ... Continuer la lecture","og_url":"https:\/\/www.aapharma.ca\/fr\/our-product\/aaspire\/","og_site_name":"AA Pharma","article_modified_time":"2022-11-24T22:05:29+00:00","og_image":[{"url":"https:\/\/www.aapharma.ca\/wp-content\/uploads\/2021\/04\/AAspire_en.png"}],"twitter_card":"summary_large_image","twitter_misc":{"Estimation du temps de lecture":"3 minutes"},"schema":{"@context":"https:\/\/schema.org","@graph":[{"@type":"WebPage","@id":"https:\/\/www.aapharma.ca\/en\/our-product\/aaspire\/","url":"https:\/\/www.aapharma.ca\/en\/our-product\/aaspire\/","name":"Aaspire - AA Pharma","isPartOf":{"@id":"https:\/\/www.aapharma.ca\/en\/#website"},"primaryImageOfPage":{"@id":"https:\/\/www.aapharma.ca\/en\/our-product\/aaspire\/#primaryimage"},"image":{"@id":"https:\/\/www.aapharma.ca\/en\/our-product\/aaspire\/#primaryimage"},"thumbnailUrl":"https:\/\/www.aapharma.ca\/wp-content\/uploads\/2021\/04\/AAspire_en.png","datePublished":"2021-03-21T16:09:34+00:00","dateModified":"2022-11-24T22:05:29+00:00","breadcrumb":{"@id":"https:\/\/www.aapharma.ca\/en\/our-product\/aaspire\/#breadcrumb"},"inLanguage":"fr-CA","potentialAction":[{"@type":"ReadAction","target":["https:\/\/www.aapharma.ca\/en\/our-product\/aaspire\/"]}]},{"@type":"ImageObject","inLanguage":"fr-CA","@id":"https:\/\/www.aapharma.ca\/en\/our-product\/aaspire\/#primaryimage","url":"https:\/\/www.aapharma.ca\/wp-content\/uploads\/2021\/04\/AAspire_en.png","contentUrl":"https:\/\/www.aapharma.ca\/wp-content\/uploads\/2021\/04\/AAspire_en.png"},{"@type":"BreadcrumbList","@id":"https:\/\/www.aapharma.ca\/en\/our-product\/aaspire\/#breadcrumb","itemListElement":[{"@type":"ListItem","position":1,"name":"Home","item":"https:\/\/www.aapharma.ca\/"},{"@type":"ListItem","position":2,"name":"Our Products","item":"https:\/\/www.aapharma.ca\/our-product\/"},{"@type":"ListItem","position":3,"name":"Aaspire"}]},{"@type":"WebSite","@id":"https:\/\/www.aapharma.ca\/en\/#website","url":"https:\/\/www.aapharma.ca\/en\/","name":"AA Pharma","description":"A little different than the rest","publisher":{"@id":"https:\/\/www.aapharma.ca\/en\/#organization"},"potentialAction":[{"@type":"SearchAction","target":{"@type":"EntryPoint","urlTemplate":"https:\/\/www.aapharma.ca\/en\/?s={search_term_string}"},"query-input":"required name=search_term_string"}],"inLanguage":"fr-CA"},{"@type":"Organization","@id":"https:\/\/www.aapharma.ca\/en\/#organization","name":"AA Pharma","url":"https:\/\/www.aapharma.ca\/en\/","logo":{"@type":"ImageObject","inLanguage":"fr-CA","@id":"https:\/\/www.aapharma.ca\/en\/#\/schema\/logo\/image\/","url":"https:\/\/www.aapharma.ca\/wp-content\/uploads\/2021\/01\/Logo-1.png","contentUrl":"https:\/\/www.aapharma.ca\/wp-content\/uploads\/2021\/01\/Logo-1.png","width":268,"height":100,"caption":"AA Pharma"},"image":{"@id":"https:\/\/www.aapharma.ca\/en\/#\/schema\/logo\/image\/"}}]}},"_links":{"self":[{"href":"https:\/\/www.aapharma.ca\/fr\/wp-json\/wp\/v2\/pages\/1204","targetHints":{"allow":["GET"]}}],"collection":[{"href":"https:\/\/www.aapharma.ca\/fr\/wp-json\/wp\/v2\/pages"}],"about":[{"href":"https:\/\/www.aapharma.ca\/fr\/wp-json\/wp\/v2\/types\/page"}],"author":[{"embeddable":true,"href":"https:\/\/www.aapharma.ca\/fr\/wp-json\/wp\/v2\/users\/1"}],"replies":[{"embeddable":true,"href":"https:\/\/www.aapharma.ca\/fr\/wp-json\/wp\/v2\/comments?post=1204"}],"version-history":[{"count":43,"href":"https:\/\/www.aapharma.ca\/fr\/wp-json\/wp\/v2\/pages\/1204\/revisions"}],"predecessor-version":[{"id":1980,"href":"https:\/\/www.aapharma.ca\/fr\/wp-json\/wp\/v2\/pages\/1204\/revisions\/1980"}],"up":[{"embeddable":true,"href":"https:\/\/www.aapharma.ca\/fr\/wp-json\/wp\/v2\/pages\/39"}],"wp:attachment":[{"href":"https:\/\/www.aapharma.ca\/fr\/wp-json\/wp\/v2\/media?parent=1204"}],"curies":[{"name":"wp","href":"https:\/\/api.w.org\/{rel}","templated":true}]}}